{"id":3,"date":"2022-02-01T10:52:25","date_gmt":"2022-02-01T10:52:25","guid":{"rendered":"http:\/\/maribellunaabogados.com\/?page_id=3"},"modified":"2024-10-03T09:44:12","modified_gmt":"2024-10-03T07:44:12","slug":"politica-privacidad","status":"publish","type":"page","link":"https:\/\/maribellunaabogados.com\/en\/politica-privacidad\/","title":{"rendered":"Privacy policy"},"content":{"rendered":"<h2 class=\"wp-block-heading\">Delegado de protecci\u00f3n de datos<\/h2>\n\n\n\n<p>En cualquier momento si tuviera cualquier duda o consulta sobre el tratamiento de los datos personales por parte de LG CONSULTORIA LEGAL XXI SLP ,puede ponerse en contacto con nuestro Delegado de Protecci\u00f3n de Datos, en la siguiente direcci\u00f3n\/ Ram\u00f3n G\u00f3mez de la Serna, 22. 29602 Marbella. M\u00e1laga, a la atenci\u00f3n de \u201cDelegado de Protecci\u00f3n de Datos\u201d, o bien por correo electr\u00f3nico a la direcci\u00f3n info@maribellunaabogados.com<\/p>\n\n\n\n<p>The personal data that we could collect directly from the interested party will be treated confidentially and will be incorporated into the corresponding treatment activity owned by LG CONSULTORIA LEGAL XXI SLP.<\/p>\n\n\n\n<h2 class=\"wp-block-heading\">Purpose of the processing of personal data<\/h2>\n\n\n\n<p>LG CONSULTORIA LEGAL XXI SLP in accordance with the provisions of Organic Law 3\/2018 on the Protection of Personal Data and guarantee of digital rights and EU Regulation 2016\/679, in the event that you send us an email to the address indicated in the same, or fill out a data collection form, we inform you that the personal data you provide us will be processed and incorporated into processing activities whose controller is LG CONSULTORIA LEGAL XXI SLP, with the purpose of:<\/p>\n\n\n\n<ul class=\"wp-block-list\">\n<li>manage your query<\/li>\n\n\n\n<li>offer consulting, technology and training services<\/li>\n\n\n\n<li>maintain a business relationship<\/li>\n\n\n\n<li>as well as for sending by any means, including by email or other equivalent electronic means of communication, advertising or promotional information about the Company&#039;s products or services, having previously requested their consent.<\/li>\n<\/ul>\n\n\n\n<p>LG CONSULTORIA LEGAL XXI SLP declares that it has adopted all the necessary and appropriate security measures as established in EU Regulation 2016\/679 and Organic Law 3\/2018 on the Protection of Personal Data and guarantee of digital rights, and has established all the means technicians at your disposal with the intention of avoiding the loss, misuse, alteration, unauthorized access or theft of the data that you provide.<\/p>\n\n\n\n<h2 class=\"wp-block-heading\">Principios que aplicamos a los datos que nos faciliten<\/h2>\n\n\n\n<ul class=\"wp-block-list\">\n<li>Principio de licitud, lealtad y transparencia: Siempre vamos a requerir su consentimiento para el tratamiento de sus datos personales para uno o varios fines espec\u00edficos que le informaremos previamente con absoluta transparencia.<\/li>\n\n\n\n<li>Limitaci\u00f3n de la finalidad: recogidos con fines determinados, expl\u00edcitos y leg\u00edtimos, y no ser\u00e1n tratados ulteriormente de manera incompatible<br>for these purposes.<\/li>\n\n\n\n<li>Principio de minimizaci\u00f3n de datos: Solo vamos a solicitar datos estrictamente necesarios en relaci\u00f3n con los fines para los que los necesitemos. Los m\u00ednimos posibles.<\/li>\n\n\n\n<li>Principio de exactitud: los datos ser\u00e1n exactos y, si fuera necesario, actualizados.<\/li>\n\n\n\n<li>Principio de limitaci\u00f3n del plazo de conservaci\u00f3n: Los datos ser\u00e1n mantenidos durante no m\u00e1s tiempo del necesario para los fines del tratamiento, en funci\u00f3n de la finalidad.<\/li>\n\n\n\n<li>Principio de integridad y confidencialidad: Sus datos ser\u00e1n tratados de tal manera que se garantice una seguridad y confidencialidad adecuada a los mismos. Debe saber que tomamos todas las precauciones necesarias para evitar el acceso no autorizado o uso indebido de los datos de nuestros usuarios por parte de terceros<\/li>\n\n\n\n<li>Responsabilidad proactiva: LG CONSULTORIA LEGAL XXI SLP ser\u00e1 responsable del cumplimiento de los principios se\u00f1alados y adoptaremos las medidas t\u00e9cnicas y organizativas que nos permitan estar en condiciones de demostrar el cumplimiento.<\/li>\n<\/ul>\n\n\n\n<h2 class=\"wp-block-heading\">Legitimaci\u00f3n y base jur\u00eddica del tratamiento<\/h2>\n\n\n\n<p>In LG CONSULTORIA LEGAL XXI SLP the processing of personal data is carried out on:<\/p>\n\n\n\n<ul class=\"wp-block-list\">\n<li>la base de la relaci\u00f3n contractual establecida para la prestaci\u00f3n de los servicios solicitados y el inter\u00e9s leg\u00edtimo, o<\/li>\n\n\n\n<li>the basis that you have given us your consent for the processing of your data for one or more specific purposes, always provided through a clear affirmative action. The User or client has given their informed consent for the sending of commercial communications, for the installation of tracking systems that report on browsing habits according to the Cookies Policy, or for the sending of required information through contact forms.<\/li>\n<\/ul>\n\n\n\n<p>The legal basis that protects us for the treatment of your data on our website is CONSENT and if you are also our client, the legal basis is THE EXECUTION OF A CONTRACT.<\/p>\n\n\n\n<p>You can consult the legal basis for each of our treatment activities that we carry out by requesting our registration of activities.<\/p>\n\n\n\n<h2 class=\"wp-block-heading\">Plazo de conservaci\u00f3n de los datos personales<\/h2>\n\n\n\n<p>At LG CONSULTORIA LEGAL XXI SLP we propose that the personal data provided be kept only for the time necessary to fulfill the purpose for which they were collected and to determine the possible responsibilities that could derive from the purpose for which they were collected.<\/p>\n\n\n\n<p>Data conservation criteria:<\/p>\n\n\n\n<ul class=\"wp-block-list\">\n<li>They will be kept for the period established by law for accounting and tax purposes.<\/li>\n\n\n\n<li>as long as there is a mutual interest to maintain the end of the treatment and when it is no longer necessary for that purpose,<\/li>\n\n\n\n<li>while the contractual relationship is maintained,<\/li>\n\n\n\n<li>as long as their deletion is not requested by the interested party and they should not be deleted because they are necessary for the fulfillment of a legal obligation or for the formulation, exercise and defense of claims. They will be deleted with adequate security measures to guarantee the pseudonymization of the data or the total destruction of the same.<\/li>\n<\/ul>\n\n\n\n<p>If the User revokes his consent or exercises the rights of cancellation or deletion, his personal data will be kept blocked at the disposal of the Administration of Justice during the legally established periods to attend to the possible responsibilities arising from the treatment thereof. Subsequently, they will be deleted with adequate security measures to guarantee the pseudonymization of the data or the total destruction of the same.<\/p>\n\n\n\n<h2 class=\"wp-block-heading\">Cesiones y destinatarios de los datos personales<\/h2>\n\n\n\n<p>All the transfers indicated below are necessary for the fulfillment of the aforementioned purposes, or are carried out in compliance with a legal obligation. Personal data may be transferred to:<\/p>\n\n\n\n<p>Public Administrations and the Administration of Justice.<\/p>\n\n\n\n<p>Providers of computer services, including &quot;cloud computing&quot; services.<\/p>\n\n\n\n<p>cloud service providers<\/p>\n\n\n\n<p>Del mismo modo, algunas entidades subcontratadas por LG CONSULTORIA LEGAL XXI SLP podr\u00edan acceder a los Datos Personales e informaci\u00f3n introducida como Encargados o Subencargados del tratamiento para prestar un servicio necesario.<\/p>\n\n\n\n<p>In particular, we receive assistance from service providers and developers. We sometimes share your information with our third party service providers, who help us provide our services. These service providers and developers enter into a contract that requires them to use your personal information only for the provision of services and in accordance with this policy. Examples of service providers: hosting, analytics.<\/p>\n\n\n\n<h2 class=\"wp-block-heading\">Transferencias de datos a terceros paises<\/h2>\n\n\n\n<p>The treatment of your data is carried out, in general, by service providers located within the European Union or in countries that have been declared with an adequate level of data protection, although sometimes, to carry out the purposes indicated above. , certain companies that provide services to LG CONSULTORIA LEGAL XXI SLP, could access your personal data (international data transfers).<\/p>\n\n\n\n<p>Said transfers are made to countries with a level of protection comparable to that of the European Union (adequacy decisions of the European Commission, standard contractual clauses as well as certification mechanisms) and at all times we will ensure that, whoever has your information to help us provide our services, it does so with all the guarantees in terms of data protection.<\/p>\n\n\n\n<h2 class=\"wp-block-heading\">Derechos de los interesados<\/h2>\n\n\n\n<p>Los Usuarios \/ clientes pueden ejercitar ante LG CONSULTORIA LEGAL XXI SLP los derechos de acceso, rectificaci\u00f3n, supresi\u00f3n y portabilidad de sus datos, de limitaci\u00f3n y oposici\u00f3n a su tratamiento, as\u00ed como a no ser objeto de decisiones basadas \u00fanicamente en el tratamiento automatizado de sus datos. Asimismo, podr\u00e1n revocar su consentimiento en caso de que lo hayan otorgado para alguna finalidad espec\u00edfica, pudiendo modificar sus preferencias en todo momento.<\/p>\n\n\n\n<p>Podr\u00e1n ejercitarse a trav\u00e9s del correo electr\u00f3nico info@maribellunaabogados.com, o a la siguiente direcci\u00f3n: C\/ Ram\u00f3n G\u00f3mez de la Serna, 22. 29602 Marbella. M\u00e1laga. Se informa al Usuario que puede dirigir cualquier tipo de reclamaci\u00f3n en materia de protecci\u00f3n de datos personales a la Agencia Espa\u00f1ola de Protecci\u00f3n de Datos www.agpd.es, Autoridad de Control del Estado espa\u00f1ol.<\/p>\n\n\n\n<h2 class=\"wp-block-heading\">Datos de menores<\/h2>\n\n\n\n<p>Nuestra empresa no recabar\u00e1 ni tratar\u00e1 datos personales de menores de 14 a\u00f1os, sin dar pleno cumplimiento a los requisitos establecidos en la normativa aplicable de protecci\u00f3n de datos y el Reglamento UE 679\/2016.<\/p>\n\n\n\n<p>The processing of a child&#039;s personal data will be considered lawful when they are at least 14 years old. If the child is under 14 years of age, such treatment will only be considered lawful if the consent was given or authorized by the holder of parental authority or guardianship over the child, and only to the extent that it was given or authorized.<\/p>\n\n\n\n<h2 class=\"wp-block-heading\">Datos personales de terceros<\/h2>\n\n\n\n<p>In the event that the personal data provided belonged to a third party, the User guarantees that he has informed said third party of this Privacy Policy and has obtained his authorization to provide his data to LG CONSULTORIA LEGAL XXI SLP for the purposes indicated. It also guarantees that the data provided is accurate and up-to-date, being responsible for any damage or loss, direct or indirect, that may be caused as a result of breach of such obligation.<\/p>\n\n\n\n<h2 class=\"wp-block-heading\">Tratamiento curriculum vitae<\/h2>\n\n\n\n<p>Tal y como indica el Reglamento UE 2016\/679 y la Ley Org\u00e1nica 3\/2018 de Protecci\u00f3n de Datos Personales y garant\u00eda de los derechos digitales aquellos candidatos que nos faciliten sus datos solicitamos su consentimiento de forma clara en la recogida de sus datos personales y los usos que les vamos a dar. Por este motivo les facilitamos la informaci\u00f3n de forma clara y concisa, indicando adem\u00e1s al candidato que podr\u00e1 solicitar una copia de sus datos, los cuales se le ofrecer\u00e1n en un formato estructurado.<\/p>\n\n\n\n<p>Respecto a la conversaci\u00f3n de los datos solo guardaremos datos que est\u00e9n actualizados, por lo que en el caso de que existan CV que lleven m\u00e1s de 24 meses sin actualizar, se borrar\u00e1n o bloquearan para impedir su lectura.<\/p>\n\n\n\n<p>Our company maintains a rigorous privacy policy with the data of the people who have established relationships with us by sending us their curriculum vitae. The purpose of processing your data is to process your job application and manage the possible selection process, which may include participation in various selection tests.<\/p>\n\n\n\n<p>For this reason, we inform you that your data has been included in a record of activities, so that you can participate in subsequent personnel selection processes. In the event that your data has undergone any modification, please notify us in writing. If you do not express your opposition in writing within 30 days, we understand that you consent to the treatments indicated above.<\/p>\n\n\n\n<h2 class=\"wp-block-heading\">Declaraci\u00f3n de compromiso de prevenci\u00f3n y erradicaci\u00f3n del acoso digital<\/h2>\n\n\n\n<p>LG CONSULTORIA LEGAL XXI SLP has a commitment to data protection and gender equality and therefore we are committed to guaranteeing respect in the processing of personal data for the principles contained in the regulations on data protection, specifically in Article 5 of the General Data Protection Regulation.<\/p>\n\n\n\n<p>In this way, we acquire the commitment to prevent, raise awareness and act in the event that we become aware of cyberbullying, whether it is work-related or sexual.<\/p>\n\n\n\n<p>LG CONSULTORIA LEGAL XXI SLP through this declaration of commitment, we become aware of the risks involved in the Internet and ICT in relation to this type of behavior and promote a culture of respect for the privacy of people and awareness in employment of personal data.<\/p>\n\n\n\n<p>\u00abLG CONSULTORIA LEGAL XXI SLP manifestamos nuestro profundo rechazo al acoso laboral y al acoso sexual o por raz\u00f3n de sexo y nuestros compromiso con la prevenci\u00f3n y erradicaci\u00f3n de estas conductas. LG CONSULTORIA LEGAL XXI SLP nos oponemos frontalmente al empleo de datos personales que supongan tratamientos de datos il\u00edcitos, que pudieran socavar el derecho a la intimidad y privacidad de los empleados. LG CONSULTORIA LEGAL XXI SLP nos mostramos firmemente comprometidos con la protecci\u00f3n de datos personales, necesaria para la salvaguarda al derecho fundamental al honor y a la intimidad personal y familiar de las personas. En consecuencia, respetamos los principios del art\u00edculo 5 del Reglamento General de Protecci\u00f3n de Datos y minimizaremos los tratamientos de datos personales de nuestros trabajadores que puedan suponer un incremento del riesgo de conductas constitutivas de acoso. En cualquier caso, tendremos en cuenta el posible impacto en t\u00e9rminos de g\u00e9nero de los tratamientos que lleve a cabo\u00bb.<\/p>\n\n\n\n<p>\u00daltima actualizaci\u00f3n realizada en 1\/02\/2023 por Agencia Sublimar, <a href=\"https:\/\/sublimar.es\/posicionamiento-seo-malaga\/\">especialistas SEO en M\u00e1laga<\/a>.<\/p>","protected":false},"excerpt":{"rendered":"<p>Delegado de protecci\u00f3n de datos En cualquier momento si tuviera cualquier duda o consulta sobre el tratamiento de los datos personales por parte de LG CONSULTORIA LEGAL XXI SLP ,puede ponerse en contacto con nuestro Delegado de Protecci\u00f3n de Datos, en la siguiente direcci\u00f3n\/ Ram\u00f3n G\u00f3mez de la Serna, 22. 29602 Marbella. M\u00e1laga, a la&hellip;<\/p>","protected":false},"author":2,"featured_media":0,"parent":0,"menu_order":0,"comment_status":"closed","ping_status":"closed","template":"page-default.php","meta":{"footnotes":""},"class_list":["post-3","page","type-page","status-publish","hentry"],"yoast_head":"<!-- This site is optimized with the Yoast SEO plugin v27.3 - https:\/\/yoast.com\/product\/yoast-seo-wordpress\/ -->\n<title>Pol\u00edtica de privacidad - Maribel Luna Abogados<\/title>\n<meta name=\"robots\" content=\"index, follow, max-snippet:-1, max-image-preview:large, max-video-preview:-1\" \/>\n<link rel=\"canonical\" href=\"https:\/\/maribellunaabogados.com\/en\/politica-privacidad\/\" \/>\n<meta property=\"og:locale\" content=\"en_US\" \/>\n<meta property=\"og:type\" content=\"article\" \/>\n<meta property=\"og:title\" content=\"Pol\u00edtica de privacidad - Maribel Luna Abogados\" \/>\n<meta property=\"og:description\" content=\"Delegado de protecci\u00f3n de datos En cualquier momento si tuviera cualquier duda o consulta sobre el tratamiento de los datos personales por parte de LG CONSULTORIA LEGAL XXI SLP ,puede ponerse en contacto con nuestro Delegado de Protecci\u00f3n de Datos, en la siguiente direcci\u00f3n\/ Ram\u00f3n G\u00f3mez de la Serna, 22. 29602 Marbella. M\u00e1laga, a la&hellip;\" \/>\n<meta property=\"og:url\" content=\"https:\/\/maribellunaabogados.com\/en\/politica-privacidad\/\" \/>\n<meta property=\"og:site_name\" content=\"Maribel Luna Abogados\" \/>\n<meta property=\"article:modified_time\" content=\"2024-10-03T07:44:12+00:00\" \/>\n<meta property=\"og:image\" content=\"https:\/\/maribellunaabogados.com\/wp-content\/uploads\/2022\/02\/maribel-luna-abogados.png\" \/>\n\t<meta property=\"og:image:width\" content=\"960\" \/>\n\t<meta property=\"og:image:height\" content=\"960\" \/>\n\t<meta property=\"og:image:type\" content=\"image\/png\" \/>\n<meta name=\"twitter:card\" content=\"summary_large_image\" \/>\n<meta name=\"twitter:label1\" content=\"Est. reading time\" \/>\n\t<meta name=\"twitter:data1\" content=\"10 minutes\" \/>\n<script type=\"application\/ld+json\" class=\"yoast-schema-graph\">{\"@context\":\"https:\\\/\\\/schema.org\",\"@graph\":[{\"@type\":\"WebPage\",\"@id\":\"https:\\\/\\\/maribellunaabogados.com\\\/politica-privacidad\\\/\",\"url\":\"https:\\\/\\\/maribellunaabogados.com\\\/politica-privacidad\\\/\",\"name\":\"Pol\u00edtica de privacidad - Maribel Luna Abogados\",\"isPartOf\":{\"@id\":\"https:\\\/\\\/maribellunaabogados.com\\\/#website\"},\"datePublished\":\"2022-02-01T10:52:25+00:00\",\"dateModified\":\"2024-10-03T07:44:12+00:00\",\"breadcrumb\":{\"@id\":\"https:\\\/\\\/maribellunaabogados.com\\\/politica-privacidad\\\/#breadcrumb\"},\"inLanguage\":\"en-US\",\"potentialAction\":[{\"@type\":\"ReadAction\",\"target\":[\"https:\\\/\\\/maribellunaabogados.com\\\/politica-privacidad\\\/\"]}]},{\"@type\":\"BreadcrumbList\",\"@id\":\"https:\\\/\\\/maribellunaabogados.com\\\/politica-privacidad\\\/#breadcrumb\",\"itemListElement\":[{\"@type\":\"ListItem\",\"position\":1,\"name\":\"Portada\",\"item\":\"https:\\\/\\\/maribellunaabogados.com\\\/\"},{\"@type\":\"ListItem\",\"position\":2,\"name\":\"Pol\u00edtica de privacidad\"}]},{\"@type\":\"WebSite\",\"@id\":\"https:\\\/\\\/maribellunaabogados.com\\\/#website\",\"url\":\"https:\\\/\\\/maribellunaabogados.com\\\/\",\"name\":\"Maribel Luna Abogados\",\"description\":\"Tu abogada de confianza - Despacho de abogados en Marbella\",\"publisher\":{\"@id\":\"https:\\\/\\\/maribellunaabogados.com\\\/#\\\/schema\\\/person\\\/42e38e73024b997f518ec60b2c9a5c7e\"},\"potentialAction\":[{\"@type\":\"SearchAction\",\"target\":{\"@type\":\"EntryPoint\",\"urlTemplate\":\"https:\\\/\\\/maribellunaabogados.com\\\/?s={search_term_string}\"},\"query-input\":{\"@type\":\"PropertyValueSpecification\",\"valueRequired\":true,\"valueName\":\"search_term_string\"}}],\"inLanguage\":\"en-US\"},{\"@type\":[\"Person\",\"Organization\"],\"@id\":\"https:\\\/\\\/maribellunaabogados.com\\\/#\\\/schema\\\/person\\\/42e38e73024b997f518ec60b2c9a5c7e\",\"name\":\"Maribel Luna\",\"image\":{\"@type\":\"ImageObject\",\"inLanguage\":\"en-US\",\"@id\":\"https:\\\/\\\/maribellunaabogados.com\\\/wp-content\\\/uploads\\\/2022\\\/02\\\/maribel-luna-abogados.png\",\"url\":\"https:\\\/\\\/maribellunaabogados.com\\\/wp-content\\\/uploads\\\/2022\\\/02\\\/maribel-luna-abogados.png\",\"contentUrl\":\"https:\\\/\\\/maribellunaabogados.com\\\/wp-content\\\/uploads\\\/2022\\\/02\\\/maribel-luna-abogados.png\",\"width\":960,\"height\":960,\"caption\":\"Maribel Luna\"},\"logo\":{\"@id\":\"https:\\\/\\\/maribellunaabogados.com\\\/wp-content\\\/uploads\\\/2022\\\/02\\\/maribel-luna-abogados.png\"},\"sameAs\":[\"https:\\\/\\\/www.instagram.com\\\/maribel.luna_hostelex\\\/\",\"https:\\\/\\\/www.linkedin.com\\\/in\\\/maribel-luna-45323312\\\/\"]}]}<\/script>\n<!-- \/ Yoast SEO plugin. -->","yoast_head_json":{"title":"Pol\u00edtica de privacidad - Maribel Luna Abogados","robots":{"index":"index","follow":"follow","max-snippet":"max-snippet:-1","max-image-preview":"max-image-preview:large","max-video-preview":"max-video-preview:-1"},"canonical":"https:\/\/maribellunaabogados.com\/en\/politica-privacidad\/","og_locale":"en_US","og_type":"article","og_title":"Pol\u00edtica de privacidad - Maribel Luna Abogados","og_description":"Delegado de protecci\u00f3n de datos En cualquier momento si tuviera cualquier duda o consulta sobre el tratamiento de los datos personales por parte de LG CONSULTORIA LEGAL XXI SLP ,puede ponerse en contacto con nuestro Delegado de Protecci\u00f3n de Datos, en la siguiente direcci\u00f3n\/ Ram\u00f3n G\u00f3mez de la Serna, 22. 29602 Marbella. M\u00e1laga, a la&hellip;","og_url":"https:\/\/maribellunaabogados.com\/en\/politica-privacidad\/","og_site_name":"Maribel Luna Abogados","article_modified_time":"2024-10-03T07:44:12+00:00","og_image":[{"width":960,"height":960,"url":"https:\/\/maribellunaabogados.com\/wp-content\/uploads\/2022\/02\/maribel-luna-abogados.png","type":"image\/png"}],"twitter_card":"summary_large_image","twitter_misc":{"Est. reading time":"10 minutes"},"schema":{"@context":"https:\/\/schema.org","@graph":[{"@type":"WebPage","@id":"https:\/\/maribellunaabogados.com\/politica-privacidad\/","url":"https:\/\/maribellunaabogados.com\/politica-privacidad\/","name":"Pol\u00edtica de privacidad - Maribel Luna Abogados","isPartOf":{"@id":"https:\/\/maribellunaabogados.com\/#website"},"datePublished":"2022-02-01T10:52:25+00:00","dateModified":"2024-10-03T07:44:12+00:00","breadcrumb":{"@id":"https:\/\/maribellunaabogados.com\/politica-privacidad\/#breadcrumb"},"inLanguage":"en-US","potentialAction":[{"@type":"ReadAction","target":["https:\/\/maribellunaabogados.com\/politica-privacidad\/"]}]},{"@type":"BreadcrumbList","@id":"https:\/\/maribellunaabogados.com\/politica-privacidad\/#breadcrumb","itemListElement":[{"@type":"ListItem","position":1,"name":"Portada","item":"https:\/\/maribellunaabogados.com\/"},{"@type":"ListItem","position":2,"name":"Pol\u00edtica de privacidad"}]},{"@type":"WebSite","@id":"https:\/\/maribellunaabogados.com\/#website","url":"https:\/\/maribellunaabogados.com\/","name":"Maribel Luna Lawyers","description":"Your trusted lawyer - Law firm in Marbella","publisher":{"@id":"https:\/\/maribellunaabogados.com\/#\/schema\/person\/42e38e73024b997f518ec60b2c9a5c7e"},"potentialAction":[{"@type":"SearchAction","target":{"@type":"EntryPoint","urlTemplate":"https:\/\/maribellunaabogados.com\/?s={search_term_string}"},"query-input":{"@type":"PropertyValueSpecification","valueRequired":true,"valueName":"search_term_string"}}],"inLanguage":"en-US"},{"@type":["Person","Organization"],"@id":"https:\/\/maribellunaabogados.com\/#\/schema\/person\/42e38e73024b997f518ec60b2c9a5c7e","name":"Maribel Moon","image":{"@type":"ImageObject","inLanguage":"en-US","@id":"https:\/\/maribellunaabogados.com\/wp-content\/uploads\/2022\/02\/maribel-luna-abogados.png","url":"https:\/\/maribellunaabogados.com\/wp-content\/uploads\/2022\/02\/maribel-luna-abogados.png","contentUrl":"https:\/\/maribellunaabogados.com\/wp-content\/uploads\/2022\/02\/maribel-luna-abogados.png","width":960,"height":960,"caption":"Maribel Luna"},"logo":{"@id":"https:\/\/maribellunaabogados.com\/wp-content\/uploads\/2022\/02\/maribel-luna-abogados.png"},"sameAs":["https:\/\/www.instagram.com\/maribel.luna_hostelex\/","https:\/\/www.linkedin.com\/in\/maribel-luna-45323312\/"]}]}},"_links":{"self":[{"href":"https:\/\/maribellunaabogados.com\/en\/wp-json\/wp\/v2\/pages\/3","targetHints":{"allow":["GET"]}}],"collection":[{"href":"https:\/\/maribellunaabogados.com\/en\/wp-json\/wp\/v2\/pages"}],"about":[{"href":"https:\/\/maribellunaabogados.com\/en\/wp-json\/wp\/v2\/types\/page"}],"author":[{"embeddable":true,"href":"https:\/\/maribellunaabogados.com\/en\/wp-json\/wp\/v2\/users\/2"}],"replies":[{"embeddable":true,"href":"https:\/\/maribellunaabogados.com\/en\/wp-json\/wp\/v2\/comments?post=3"}],"version-history":[{"count":0,"href":"https:\/\/maribellunaabogados.com\/en\/wp-json\/wp\/v2\/pages\/3\/revisions"}],"wp:attachment":[{"href":"https:\/\/maribellunaabogados.com\/en\/wp-json\/wp\/v2\/media?parent=3"}],"curies":[{"name":"wp","href":"https:\/\/api.w.org\/{rel}","templated":true}]}}