{"id":443,"date":"2022-03-15T12:50:45","date_gmt":"2022-03-15T12:50:45","guid":{"rendered":"https:\/\/maribellunaabogados.com\/?page_id=443"},"modified":"2023-10-08T19:59:43","modified_gmt":"2023-10-08T17:59:43","slug":"aviso-legal","status":"publish","type":"page","link":"https:\/\/maribellunaabogados.com\/en\/aviso-legal\/","title":{"rendered":"LEGAL WARNING"},"content":{"rendered":"<p>En cumplimiento de la Ley 34\/2002, de 11 de Julio, de Servicios de la Sociedad de la Informaci\u00f3n y de Comercio Electr\u00f3nico, le informamos de que LG CONSULTORIA LEGAL XXI SLP. con domicilio en C\/ Ram\u00f3n G\u00f3mez de la Serna, 22. 29602 Marbella. M\u00e1laga y CIF B93377059 ,es titular de este sitio Web.<\/p>\n\n\n\n<h2 class=\"wp-block-heading\">CONTENTS<\/h2>\n\n\n\n<p>All the contents included in the Website and in particular the trademarks, trade names, industrial designs, designs, texts, photographs, graphics, logos, icons, software or any other signs susceptible to industrial and commercial use are protected by industrial property rights. and intellectual of LG CONSULTORIA LEGAL XXI SLP. Therefore, any use and\/or reproduction thereof without the express consent of the Company is prohibited.<\/p>\n\n\n\n<p>LG CONSULTORIA LEGAL XXI SLP will not be responsible for the infringement of the intellectual or industrial property rights of third parties that may arise from the inclusion on the Website of trademarks, trade names, industrial designs, patents, designs, texts, photographs, graphics, logos, icons or software belonging to third parties who have declared to be the owners of the same when including them on the Website.<\/p>\n\n\n\n<p>The User undertakes to use the contents of the Website in a diligent, correct and lawful manner and undertakes to refrain from:<\/p>\n\n\n\n<ul class=\"wp-block-list\">\n<li>a) Use the contents for purposes or effects contrary to the law, morality and good customs or public order.<\/li>\n\n\n\n<li>b) Reproduce, copy, distribute, allow public access through any form of public communication, transform or modify the contents, unless you have the corresponding authorization from the owner.<\/li>\n\n\n\n<li>c) Use the contents of the Website to send advertising, communications for direct sales purposes or with any other kind of commercial purpose, unsolicited messages addressed to a plurality of people regardless of their purpose, as well as to refrain from marketing or disclose such information in any way.<\/li>\n<\/ul>\n\n\n\n<p>In case of conflict of any kind, both parties will try to reach a peaceful agreement. Not being possible, the Courts of Marbella will have the competence to hear the case, not being possible to go to another jurisdiction to exercise the action.<\/p>\n\n\n\n<p>USERS WHO DO NOT AGREE WITH THIS POLICY SHOULD NOT ENTER ANY DATA THROUGH THIS WEBSITE, NOR ACCESS THE CONTENT OF THIS WEBSITE.<\/p>","protected":false},"excerpt":{"rendered":"<p>En cumplimiento de la Ley 34\/2002, de 11 de Julio, de Servicios de la Sociedad de la Informaci\u00f3n y de Comercio Electr\u00f3nico, le informamos de que LG CONSULTORIA LEGAL XXI SLP. con domicilio en C\/ Ram\u00f3n G\u00f3mez de la Serna, 22. 29602 Marbella. M\u00e1laga y CIF B93377059 ,es titular de este sitio Web. CONTENIDOS Todos&hellip;<\/p>","protected":false},"author":1,"featured_media":0,"parent":0,"menu_order":0,"comment_status":"closed","ping_status":"closed","template":"page-default.php","meta":{"footnotes":""},"class_list":["post-443","page","type-page","status-publish","hentry"],"yoast_head":"<!-- This site is optimized with the Yoast SEO plugin v27.4 - https:\/\/yoast.com\/product\/yoast-seo-wordpress\/ -->\n<title>AVISO LEGAL - Maribel Luna Abogados<\/title>\n<meta name=\"robots\" content=\"index, follow, max-snippet:-1, max-image-preview:large, max-video-preview:-1\" \/>\n<link rel=\"canonical\" href=\"https:\/\/maribellunaabogados.com\/en\/aviso-legal\/\" \/>\n<meta property=\"og:locale\" content=\"en_US\" \/>\n<meta property=\"og:type\" content=\"article\" \/>\n<meta property=\"og:title\" content=\"AVISO LEGAL - Maribel Luna Abogados\" \/>\n<meta property=\"og:description\" content=\"En cumplimiento de la Ley 34\/2002, de 11 de Julio, de Servicios de la Sociedad de la Informaci\u00f3n y de Comercio Electr\u00f3nico, le informamos de que LG CONSULTORIA LEGAL XXI SLP. con domicilio en C\/ Ram\u00f3n G\u00f3mez de la Serna, 22. 29602 Marbella. M\u00e1laga y CIF B93377059 ,es titular de este sitio Web. CONTENIDOS Todos&hellip;\" \/>\n<meta property=\"og:url\" content=\"https:\/\/maribellunaabogados.com\/en\/aviso-legal\/\" \/>\n<meta property=\"og:site_name\" content=\"Maribel Luna Abogados\" \/>\n<meta property=\"article:modified_time\" content=\"2023-10-08T17:59:43+00:00\" \/>\n<meta property=\"og:image\" content=\"https:\/\/maribellunaabogados.com\/wp-content\/uploads\/2022\/02\/maribel-luna-abogados.png\" \/>\n\t<meta property=\"og:image:width\" content=\"960\" \/>\n\t<meta property=\"og:image:height\" content=\"960\" \/>\n\t<meta property=\"og:image:type\" content=\"image\/png\" \/>\n<meta name=\"twitter:card\" content=\"summary_large_image\" \/>\n<meta name=\"twitter:label1\" content=\"Est. reading time\" \/>\n\t<meta name=\"twitter:data1\" content=\"2 minutes\" \/>\n<script type=\"application\/ld+json\" class=\"yoast-schema-graph\">{\"@context\":\"https:\\\/\\\/schema.org\",\"@graph\":[{\"@type\":\"WebPage\",\"@id\":\"https:\\\/\\\/maribellunaabogados.com\\\/aviso-legal\\\/\",\"url\":\"https:\\\/\\\/maribellunaabogados.com\\\/aviso-legal\\\/\",\"name\":\"AVISO LEGAL - Maribel Luna Abogados\",\"isPartOf\":{\"@id\":\"https:\\\/\\\/maribellunaabogados.com\\\/#website\"},\"datePublished\":\"2022-03-15T12:50:45+00:00\",\"dateModified\":\"2023-10-08T17:59:43+00:00\",\"breadcrumb\":{\"@id\":\"https:\\\/\\\/maribellunaabogados.com\\\/aviso-legal\\\/#breadcrumb\"},\"inLanguage\":\"en-US\",\"potentialAction\":[{\"@type\":\"ReadAction\",\"target\":[\"https:\\\/\\\/maribellunaabogados.com\\\/aviso-legal\\\/\"]}]},{\"@type\":\"BreadcrumbList\",\"@id\":\"https:\\\/\\\/maribellunaabogados.com\\\/aviso-legal\\\/#breadcrumb\",\"itemListElement\":[{\"@type\":\"ListItem\",\"position\":1,\"name\":\"Portada\",\"item\":\"https:\\\/\\\/maribellunaabogados.com\\\/\"},{\"@type\":\"ListItem\",\"position\":2,\"name\":\"AVISO LEGAL\"}]},{\"@type\":\"WebSite\",\"@id\":\"https:\\\/\\\/maribellunaabogados.com\\\/#website\",\"url\":\"https:\\\/\\\/maribellunaabogados.com\\\/\",\"name\":\"Maribel Luna Abogados\",\"description\":\"Tu abogada de confianza - Despacho de abogados en Marbella\",\"publisher\":{\"@id\":\"https:\\\/\\\/maribellunaabogados.com\\\/#\\\/schema\\\/person\\\/42e38e73024b997f518ec60b2c9a5c7e\"},\"potentialAction\":[{\"@type\":\"SearchAction\",\"target\":{\"@type\":\"EntryPoint\",\"urlTemplate\":\"https:\\\/\\\/maribellunaabogados.com\\\/?s={search_term_string}\"},\"query-input\":{\"@type\":\"PropertyValueSpecification\",\"valueRequired\":true,\"valueName\":\"search_term_string\"}}],\"inLanguage\":\"en-US\"},{\"@type\":[\"Person\",\"Organization\"],\"@id\":\"https:\\\/\\\/maribellunaabogados.com\\\/#\\\/schema\\\/person\\\/42e38e73024b997f518ec60b2c9a5c7e\",\"name\":\"Maribel Luna\",\"image\":{\"@type\":\"ImageObject\",\"inLanguage\":\"en-US\",\"@id\":\"https:\\\/\\\/maribellunaabogados.com\\\/wp-content\\\/uploads\\\/2022\\\/02\\\/maribel-luna-abogados.png\",\"url\":\"https:\\\/\\\/maribellunaabogados.com\\\/wp-content\\\/uploads\\\/2022\\\/02\\\/maribel-luna-abogados.png\",\"contentUrl\":\"https:\\\/\\\/maribellunaabogados.com\\\/wp-content\\\/uploads\\\/2022\\\/02\\\/maribel-luna-abogados.png\",\"width\":960,\"height\":960,\"caption\":\"Maribel Luna\"},\"logo\":{\"@id\":\"https:\\\/\\\/maribellunaabogados.com\\\/wp-content\\\/uploads\\\/2022\\\/02\\\/maribel-luna-abogados.png\"},\"sameAs\":[\"https:\\\/\\\/www.instagram.com\\\/maribel.luna_hostelex\\\/\",\"https:\\\/\\\/www.linkedin.com\\\/in\\\/maribel-luna-45323312\\\/\"]}]}<\/script>\n<!-- \/ Yoast SEO plugin. -->","yoast_head_json":{"title":"AVISO LEGAL - Maribel Luna Abogados","robots":{"index":"index","follow":"follow","max-snippet":"max-snippet:-1","max-image-preview":"max-image-preview:large","max-video-preview":"max-video-preview:-1"},"canonical":"https:\/\/maribellunaabogados.com\/en\/aviso-legal\/","og_locale":"en_US","og_type":"article","og_title":"AVISO LEGAL - Maribel Luna Abogados","og_description":"En cumplimiento de la Ley 34\/2002, de 11 de Julio, de Servicios de la Sociedad de la Informaci\u00f3n y de Comercio Electr\u00f3nico, le informamos de que LG CONSULTORIA LEGAL XXI SLP. con domicilio en C\/ Ram\u00f3n G\u00f3mez de la Serna, 22. 29602 Marbella. M\u00e1laga y CIF B93377059 ,es titular de este sitio Web. CONTENIDOS Todos&hellip;","og_url":"https:\/\/maribellunaabogados.com\/en\/aviso-legal\/","og_site_name":"Maribel Luna Abogados","article_modified_time":"2023-10-08T17:59:43+00:00","og_image":[{"width":960,"height":960,"url":"https:\/\/maribellunaabogados.com\/wp-content\/uploads\/2022\/02\/maribel-luna-abogados.png","type":"image\/png"}],"twitter_card":"summary_large_image","twitter_misc":{"Est. reading time":"2 minutes"},"schema":{"@context":"https:\/\/schema.org","@graph":[{"@type":"WebPage","@id":"https:\/\/maribellunaabogados.com\/aviso-legal\/","url":"https:\/\/maribellunaabogados.com\/aviso-legal\/","name":"AVISO LEGAL - Maribel Luna Abogados","isPartOf":{"@id":"https:\/\/maribellunaabogados.com\/#website"},"datePublished":"2022-03-15T12:50:45+00:00","dateModified":"2023-10-08T17:59:43+00:00","breadcrumb":{"@id":"https:\/\/maribellunaabogados.com\/aviso-legal\/#breadcrumb"},"inLanguage":"en-US","potentialAction":[{"@type":"ReadAction","target":["https:\/\/maribellunaabogados.com\/aviso-legal\/"]}]},{"@type":"BreadcrumbList","@id":"https:\/\/maribellunaabogados.com\/aviso-legal\/#breadcrumb","itemListElement":[{"@type":"ListItem","position":1,"name":"Portada","item":"https:\/\/maribellunaabogados.com\/"},{"@type":"ListItem","position":2,"name":"AVISO LEGAL"}]},{"@type":"WebSite","@id":"https:\/\/maribellunaabogados.com\/#website","url":"https:\/\/maribellunaabogados.com\/","name":"Maribel Luna Lawyers","description":"Your trusted lawyer - Law firm in Marbella","publisher":{"@id":"https:\/\/maribellunaabogados.com\/#\/schema\/person\/42e38e73024b997f518ec60b2c9a5c7e"},"potentialAction":[{"@type":"SearchAction","target":{"@type":"EntryPoint","urlTemplate":"https:\/\/maribellunaabogados.com\/?s={search_term_string}"},"query-input":{"@type":"PropertyValueSpecification","valueRequired":true,"valueName":"search_term_string"}}],"inLanguage":"en-US"},{"@type":["Person","Organization"],"@id":"https:\/\/maribellunaabogados.com\/#\/schema\/person\/42e38e73024b997f518ec60b2c9a5c7e","name":"Maribel Moon","image":{"@type":"ImageObject","inLanguage":"en-US","@id":"https:\/\/maribellunaabogados.com\/wp-content\/uploads\/2022\/02\/maribel-luna-abogados.png","url":"https:\/\/maribellunaabogados.com\/wp-content\/uploads\/2022\/02\/maribel-luna-abogados.png","contentUrl":"https:\/\/maribellunaabogados.com\/wp-content\/uploads\/2022\/02\/maribel-luna-abogados.png","width":960,"height":960,"caption":"Maribel Luna"},"logo":{"@id":"https:\/\/maribellunaabogados.com\/wp-content\/uploads\/2022\/02\/maribel-luna-abogados.png"},"sameAs":["https:\/\/www.instagram.com\/maribel.luna_hostelex\/","https:\/\/www.linkedin.com\/in\/maribel-luna-45323312\/"]}]}},"_links":{"self":[{"href":"https:\/\/maribellunaabogados.com\/en\/wp-json\/wp\/v2\/pages\/443","targetHints":{"allow":["GET"]}}],"collection":[{"href":"https:\/\/maribellunaabogados.com\/en\/wp-json\/wp\/v2\/pages"}],"about":[{"href":"https:\/\/maribellunaabogados.com\/en\/wp-json\/wp\/v2\/types\/page"}],"author":[{"embeddable":true,"href":"https:\/\/maribellunaabogados.com\/en\/wp-json\/wp\/v2\/users\/1"}],"replies":[{"embeddable":true,"href":"https:\/\/maribellunaabogados.com\/en\/wp-json\/wp\/v2\/comments?post=443"}],"version-history":[{"count":0,"href":"https:\/\/maribellunaabogados.com\/en\/wp-json\/wp\/v2\/pages\/443\/revisions"}],"wp:attachment":[{"href":"https:\/\/maribellunaabogados.com\/en\/wp-json\/wp\/v2\/media?parent=443"}],"curies":[{"name":"wp","href":"https:\/\/api.w.org\/{rel}","templated":true}]}}